{"id":895,"date":"2020-08-14T11:40:34","date_gmt":"2020-08-14T09:40:34","guid":{"rendered":"http:\/\/www.claudionichele.eu\/blog\/?page_id=895"},"modified":"2023-12-13T12:33:19","modified_gmt":"2023-12-13T11:33:19","slug":"all-posts","status":"publish","type":"page","link":"http:\/\/www.claudionichele.eu\/blog\/all-posts\/","title":{"rendered":"All posts"},"content":{"rendered":"\n<h3 class=\"wp-block-heading\">Posts in the Visuals category<\/h3>\n\n\n<ul class=\"wp-block-latest-posts__list is-grid columns-3 wp-block-latest-posts\"><li><a class=\"wp-block-latest-posts__post-title\" href=\"http:\/\/www.claudionichele.eu\/blog\/sensemaking-workshop\/\">Sensemaking workshop<\/a><\/li>\n<li><a class=\"wp-block-latest-posts__post-title\" href=\"http:\/\/www.claudionichele.eu\/blog\/conflicts-when-tension-needs-attention-at-work\/\">Conflicts &#8211; When tension needs attention at work<\/a><\/li>\n<li><a class=\"wp-block-latest-posts__post-title\" href=\"http:\/\/www.claudionichele.eu\/blog\/eu-sketchnote-day-2026\/\">EU Sketchnote Day 2026<\/a><\/li>\n<li><a class=\"wp-block-latest-posts__post-title\" href=\"http:\/\/www.claudionichele.eu\/blog\/memories-of-krakow\/\">Memories of Krakow<\/a><\/li>\n<li><a class=\"wp-block-latest-posts__post-title\" href=\"http:\/\/www.claudionichele.eu\/blog\/large-scale-review-meeting-digital-graphic-recording\/\">Large-Scale Review meeting &#8211; Digital graphic recording<\/a><\/li>\n<li><a class=\"wp-block-latest-posts__post-title\" href=\"http:\/\/www.claudionichele.eu\/blog\/reflections-after-the-graphic-recording-at-sg-reform-staff-away-day\/\">Reflections after the graphic recording at SG REFORM staff away day<\/a><\/li>\n<li><a class=\"wp-block-latest-posts__post-title\" href=\"http:\/\/www.claudionichele.eu\/blog\/medias-sociaux-et-democracie\/\">M\u00e9dias sociaux\u00a0et d\u00e9mocracie<\/a><\/li>\n<li><a class=\"wp-block-latest-posts__post-title\" href=\"http:\/\/www.claudionichele.eu\/blog\/my-inktober-2025\/\">My Inktober 2025<\/a><\/li>\n<li><a class=\"wp-block-latest-posts__post-title\" href=\"http:\/\/www.claudionichele.eu\/blog\/believe-in-people-and-let-them-fly\/\">Believe in people and let them fly<\/a><\/li>\n<li><a class=\"wp-block-latest-posts__post-title\" href=\"http:\/\/www.claudionichele.eu\/blog\/the-power-of-the-h-in-human-resources\/\">The power of the H in Human Resources<\/a><\/li>\n<li><a class=\"wp-block-latest-posts__post-title\" href=\"http:\/\/www.claudionichele.eu\/blog\/starter-pack-made-by-human-intelligence\/\">Starter pack made by human intelligence<\/a><\/li>\n<li><a class=\"wp-block-latest-posts__post-title\" href=\"http:\/\/www.claudionichele.eu\/blog\/third-meeting-of-the-european-citizens-initiative-network\/\">Third meeting of the European Citizens\u2019 Initiative network<\/a><\/li>\n<li><a class=\"wp-block-latest-posts__post-title\" href=\"http:\/\/www.claudionichele.eu\/blog\/my-first-ever-workshop-on-rock-balancing\/\">My first ever workshop on rock balancing<\/a><\/li>\n<li><a class=\"wp-block-latest-posts__post-title\" href=\"http:\/\/www.claudionichele.eu\/blog\/inner-development-goals-idg-walk\/\">Inner development goals (IDG) walk<\/a><\/li>\n<li><a class=\"wp-block-latest-posts__post-title\" href=\"http:\/\/www.claudionichele.eu\/blog\/why-do-always-feel-the-need-to-be-busy\/\">Why do we always feel the need to be busy?<\/a><\/li>\n<li><a class=\"wp-block-latest-posts__post-title\" href=\"http:\/\/www.claudionichele.eu\/blog\/what-do-participants-say-about-our-sketchnoting-course\/\">What do participants say about our Sketchnoting course?<\/a><\/li>\n<li><a class=\"wp-block-latest-posts__post-title\" href=\"http:\/\/www.claudionichele.eu\/blog\/workshop-on-burnout\/\">Workshop on burnout<\/a><\/li>\n<li><a class=\"wp-block-latest-posts__post-title\" href=\"http:\/\/www.claudionichele.eu\/blog\/graphic-recording-and-communities-of-practice\/\">Graphic recording and Communities of Practice<\/a><\/li>\n<li><a class=\"wp-block-latest-posts__post-title\" href=\"http:\/\/www.claudionichele.eu\/blog\/my-inktober-2024\/\">My Inktober 2024<\/a><\/li>\n<li><a class=\"wp-block-latest-posts__post-title\" href=\"http:\/\/www.claudionichele.eu\/blog\/my-takeaways-from-the-isc24tx\/\">My takeaways from the ISC24TX<\/a><\/li>\n<li><a class=\"wp-block-latest-posts__post-title\" href=\"http:\/\/www.claudionichele.eu\/blog\/there-is-a-hidden-pattern-in-my-event-badge-collection\/\">There is a hidden pattern in my event badge collection<\/a><\/li>\n<li><a class=\"wp-block-latest-posts__post-title\" href=\"http:\/\/www.claudionichele.eu\/blog\/graphic-recording-of-a-workshop-on-values-with-researchers\/\">Graphic recording of a workshop on Values with researchers<\/a><\/li>\n<li><a class=\"wp-block-latest-posts__post-title\" href=\"http:\/\/www.claudionichele.eu\/blog\/multitasking-doesnt-work-heres-what-does-sketchnotes\/\">Multitasking doesn\u2019t work, here\u2019s what does &#8211; sketchnotes<\/a><\/li>\n<li><a class=\"wp-block-latest-posts__post-title\" href=\"http:\/\/www.claudionichele.eu\/blog\/the-return-of-the-sketchnote-army-traveling-book\/\">The Return of the Sketchnote Army Traveling Book<\/a><\/li>\n<li><a class=\"wp-block-latest-posts__post-title\" href=\"http:\/\/www.claudionichele.eu\/blog\/graphic-recording-of-the-jrc-senior-management-seminar\/\">Graphic recording of the JRC senior management seminar<\/a><\/li>\n<li><a class=\"wp-block-latest-posts__post-title\" href=\"http:\/\/www.claudionichele.eu\/blog\/startsketch-the-very-first-sketchnoting-course-in-the-european-commission\/\">StartSketch, the very first Sketchnoting course in the European Commission<\/a><\/li>\n<li><a class=\"wp-block-latest-posts__post-title\" href=\"http:\/\/www.claudionichele.eu\/blog\/why-is-it-so-difficult-to-deliver-feedback\/\">Why is it so difficult to deliver feedback?<\/a><\/li>\n<li><a class=\"wp-block-latest-posts__post-title\" href=\"http:\/\/www.claudionichele.eu\/blog\/les-12-facons-decrire-le-son-s-en-francais\/\">Les 12 fa\u00e7ons d&#8217;\u00e9crire le son S en fran\u00e7ais<\/a><\/li>\n<li><a class=\"wp-block-latest-posts__post-title\" href=\"http:\/\/www.claudionichele.eu\/blog\/how-can-meditation-help-decision-makers\/\">How can meditation help decision makers?<\/a><\/li>\n<li><a class=\"wp-block-latest-posts__post-title\" href=\"http:\/\/www.claudionichele.eu\/blog\/sketchnotes-and-drawings-from-phuket-thailand\/\">Sketchnotes and drawings from Phuket, Thailand<\/a><\/li>\n<li><a class=\"wp-block-latest-posts__post-title\" href=\"http:\/\/www.claudionichele.eu\/blog\/visual-thinking-at-the-service-of-the-collective-and-its-intelligence\/\">Visual thinking at the service of the collective and its intelligence<\/a><\/li>\n<li><a class=\"wp-block-latest-posts__post-title\" href=\"http:\/\/www.claudionichele.eu\/blog\/words-and-visuals-are-complementary\/\">Words and visuals are complementary<\/a><\/li>\n<li><a class=\"wp-block-latest-posts__post-title\" href=\"http:\/\/www.claudionichele.eu\/blog\/visuals-bring-clarity-about-the-complexity\/\">Visuals bring clarity about the complexity<\/a><\/li>\n<li><a class=\"wp-block-latest-posts__post-title\" href=\"http:\/\/www.claudionichele.eu\/blog\/how-to-reduce-workload\/\">How to reduce workload?<\/a><\/li>\n<li><a class=\"wp-block-latest-posts__post-title\" href=\"http:\/\/www.claudionichele.eu\/blog\/three-models-of-change\/\">Three models of change<\/a><\/li>\n<li><a class=\"wp-block-latest-posts__post-title\" href=\"http:\/\/www.claudionichele.eu\/blog\/trust-an-essential-ingredient-for-teamwork\/\">Trust: an essential ingredient for teamwork<\/a><\/li>\n<li><a class=\"wp-block-latest-posts__post-title\" href=\"http:\/\/www.claudionichele.eu\/blog\/graphic-recording-of-the-jrc-science-summit-2022\/\">Graphic recording of the JRC Science Summit 2022<\/a><\/li>\n<li><a class=\"wp-block-latest-posts__post-title\" href=\"http:\/\/www.claudionichele.eu\/blog\/knowledge-management-and-collaboration-in-international-organisations-edge-or-curse\/\">Knowledge Management and Collaboration in international organisations: Edge or Curse?<\/a><\/li>\n<li><a class=\"wp-block-latest-posts__post-title\" href=\"http:\/\/www.claudionichele.eu\/blog\/the-joy-of-drawing-the-meeting-of-two-graphic-communities\/\">The joy of drawing the meeting of two graphic communities<\/a><\/li>\n<li><a class=\"wp-block-latest-posts__post-title\" href=\"http:\/\/www.claudionichele.eu\/blog\/managing-team-conflicts\/\">Managing team conflicts<\/a><\/li>\n<li><a class=\"wp-block-latest-posts__post-title\" href=\"http:\/\/www.claudionichele.eu\/blog\/the-birth-of-a-new-community-of-practice\/\">The birth of a new community of practice<\/a><\/li>\n<li><a class=\"wp-block-latest-posts__post-title\" href=\"http:\/\/www.claudionichele.eu\/blog\/how-to-run-an-hybrid-team-event\/\">How to run an hybrid team event<\/a><\/li>\n<li><a class=\"wp-block-latest-posts__post-title\" href=\"http:\/\/www.claudionichele.eu\/blog\/my-last-episode-of-the-stories-from-the-regions-series\/\">My last episode of the &#8220;Stories from the regions&#8221; series<\/a><\/li>\n<li><a class=\"wp-block-latest-posts__post-title\" href=\"http:\/\/www.claudionichele.eu\/blog\/10-ways-to-use-storytelling-to-make-your-messages-impactful\/\">10 ways to use Storytelling to make your messages impactful<\/a><\/li>\n<li><a class=\"wp-block-latest-posts__post-title\" href=\"http:\/\/www.claudionichele.eu\/blog\/the-most-common-words-in-christmas-songs\/\">The most common words in  Christmas songs<\/a><\/li>\n<li><a class=\"wp-block-latest-posts__post-title\" href=\"http:\/\/www.claudionichele.eu\/blog\/eu-values-and-identities\/\">EU values and identities<\/a><\/li>\n<li><a class=\"wp-block-latest-posts__post-title\" href=\"http:\/\/www.claudionichele.eu\/blog\/there-is-no-compassion-without-love\/\">There is no compassion without love<\/a><\/li>\n<li><a class=\"wp-block-latest-posts__post-title\" href=\"http:\/\/www.claudionichele.eu\/blog\/visual-memories-from-antalya-turkey\/\">Memories from Turkey<\/a><\/li>\n<li><a class=\"wp-block-latest-posts__post-title\" href=\"http:\/\/www.claudionichele.eu\/blog\/inktober21-inception-prompts\/\">Inktober21 Inception prompts<\/a><\/li>\n<li><a class=\"wp-block-latest-posts__post-title\" href=\"http:\/\/www.claudionichele.eu\/blog\/another-live-graphic-recording\/\">Another live graphic recording<\/a><\/li>\n<li><a class=\"wp-block-latest-posts__post-title\" href=\"http:\/\/www.claudionichele.eu\/blog\/communicating-cohesion-policy-on-planet-pandemia-one-year-on\/\">Communicating Cohesion Policy on Planet Pandemia One year on<\/a><\/li>\n<li><a class=\"wp-block-latest-posts__post-title\" href=\"http:\/\/www.claudionichele.eu\/blog\/covid-19-en-belgique-comparaison-des-deux-premieres-vagues\/\">COVID-19 en Belgique: comparaison des deux premi\u00e8res vagues<\/a><\/li>\n<li><a class=\"wp-block-latest-posts__post-title\" href=\"http:\/\/www.claudionichele.eu\/blog\/hosting-and-harvesting-online-vs-physical\/\">Hosting and harvesting online VS physical<\/a><\/li>\n<li><a class=\"wp-block-latest-posts__post-title\" href=\"http:\/\/www.claudionichele.eu\/blog\/coronavirus-en-belgique-confinement-et-deconfinement\/\">Coronavirus en Belgique: confinements et d\u00e9confinements<\/a><\/li>\n<li><a class=\"wp-block-latest-posts__post-title\" href=\"http:\/\/www.claudionichele.eu\/blog\/links-between-stories-skills-and-tools-to-create-graphics\/\">Links between stories, skills and tools to create graphics<\/a><\/li>\n<li><a class=\"wp-block-latest-posts__post-title\" href=\"http:\/\/www.claudionichele.eu\/blog\/teleworking-mindfully\/\">Teleworking mindfully<\/a><\/li>\n<li><a class=\"wp-block-latest-posts__post-title\" href=\"http:\/\/www.claudionichele.eu\/blog\/evolution-du-taux-de-deces-covid19-en-belgique-et-italie\/\">Evolution du taux de d\u00e9c\u00e8s COVID19 en Belgique et Italie<\/a><\/li>\n<li><a class=\"wp-block-latest-posts__post-title\" href=\"http:\/\/www.claudionichele.eu\/blog\/we-will-find-meaning-in-this-global-pandemic\/\">We will find meaning in this global pandemic<\/a><\/li>\n<li><a class=\"wp-block-latest-posts__post-title\" href=\"http:\/\/www.claudionichele.eu\/blog\/how-to-work-remotely-in-the-time-of-coronaviruses\/\">How to work remotely in the time of coronaviruses<\/a><\/li>\n<li><a class=\"wp-block-latest-posts__post-title\" href=\"http:\/\/www.claudionichele.eu\/blog\/how-to-create-a-visual-cv-with-excel\/\">How to create a visual CV with Excel<\/a><\/li>\n<li><a class=\"wp-block-latest-posts__post-title\" href=\"http:\/\/www.claudionichele.eu\/blog\/sketchnotes-of-the-sonja-blignauts-10-tips-for-facilitating-emergent-processes\/\">Sketchnotes of the Sonja Blignaut\u2019s 10 tips for facilitating emergent processes<\/a><\/li>\n<li><a class=\"wp-block-latest-posts__post-title\" href=\"http:\/\/www.claudionichele.eu\/blog\/what-is-visual-thinking-and-what-are-its-benefits\/\">What is visual thinking and what are its benefits<\/a><\/li>\n<li><a class=\"wp-block-latest-posts__post-title\" href=\"http:\/\/www.claudionichele.eu\/blog\/another-happy-graphic-recording-at-the-inform-inio-meeting\/\">Another happy graphic recording at the INFORM-INIO meeting<\/a><\/li>\n<li><a class=\"wp-block-latest-posts__post-title\" href=\"http:\/\/www.claudionichele.eu\/blog\/eu-dataviz-2019\/\">EU DataViz 2019<\/a><\/li>\n<li><a class=\"wp-block-latest-posts__post-title\" href=\"http:\/\/www.claudionichele.eu\/blog\/my-inktober-2019\/\">My Inktober 2019<\/a><\/li>\n<li><a class=\"wp-block-latest-posts__post-title\" href=\"http:\/\/www.claudionichele.eu\/blog\/457-2\/\">A &#8220;beautiful&#8221; encounter with David McCandless<\/a><\/li>\n<li><a class=\"wp-block-latest-posts__post-title\" href=\"http:\/\/www.claudionichele.eu\/blog\/the-power-of-canvasses-for-better-conversations\/\">The power of canvasses for better conversations<\/a><\/li>\n<li><a class=\"wp-block-latest-posts__post-title\" href=\"http:\/\/www.claudionichele.eu\/blog\/it-touches-our-humanity\/\">It touches our humanity<\/a><\/li>\n<li><a class=\"wp-block-latest-posts__post-title\" href=\"http:\/\/www.claudionichele.eu\/blog\/course-on-linked-data-and-semantic-technologies\/\">Linked Data, Semantic web, sketchnotes and online collaboration<\/a><\/li>\n<li><a class=\"wp-block-latest-posts__post-title\" href=\"http:\/\/www.claudionichele.eu\/blog\/to-know-what-youre-going-to-draw-you-have-to-begin-drawing\/\">To know what you\u2019re going to draw, you have to begin drawing<\/a><\/li>\n<li><a class=\"wp-block-latest-posts__post-title\" href=\"http:\/\/www.claudionichele.eu\/blog\/how-to-use-space-in-graphic-notes\/\">How to use space in graphic notes<\/a><\/li>\n<li><a class=\"wp-block-latest-posts__post-title\" href=\"http:\/\/www.claudionichele.eu\/blog\/how-to-colour-your-drawings-in-10-steps\/\">How to colour your drawings in 10 steps<\/a><\/li>\n<li><a class=\"wp-block-latest-posts__post-title\" href=\"http:\/\/www.claudionichele.eu\/blog\/visualisation-of-the-2017-euregionsweek-on-twitter\/\">Visualisation of the 2017 #EURegionsWeek on Twitter<\/a><\/li>\n<li><a class=\"wp-block-latest-posts__post-title\" href=\"http:\/\/www.claudionichele.eu\/blog\/12-mois-dillustrations\/\">12 mois d&#8217;illustrations<\/a><\/li>\n<li><a class=\"wp-block-latest-posts__post-title\" href=\"http:\/\/www.claudionichele.eu\/blog\/snday2018\/\">#SNDay2018<\/a><\/li>\n<li><a class=\"wp-block-latest-posts__post-title\" href=\"http:\/\/www.claudionichele.eu\/blog\/a-loop-of-gifts-on-social-networks\/\">A loop of gifts (on social networks)<\/a><\/li>\n<li><a class=\"wp-block-latest-posts__post-title\" href=\"http:\/\/www.claudionichele.eu\/blog\/i-like-silence-to-focus\/\">I like silence to focus<\/a><\/li>\n<li><a class=\"wp-block-latest-posts__post-title\" href=\"http:\/\/www.claudionichele.eu\/blog\/draw-my-mind-the-benefits-of-visual-note-taking\/\">Draw my mind: The benefits of visual note-taking<\/a><\/li>\n<li><a class=\"wp-block-latest-posts__post-title\" href=\"http:\/\/www.claudionichele.eu\/blog\/photos-and-sketchnotes-of-my-trip-in-india\/\">Photos and sketchnotes of my trip in India<\/a><\/li>\n<\/ul>\n\n\n<div class=\"wp-block-group\"><div class=\"wp-block-group__inner-container is-layout-flow wp-block-group-is-layout-flow\">\n<div class=\"wp-block-columns is-layout-flex wp-container-core-columns-is-layout-9d6595d7 wp-block-columns-is-layout-flex\">\n<div class=\"wp-block-column is-layout-flow wp-block-column-is-layout-flow\">\n<h3 class=\"wp-block-heading\">Posts in the Travels category<\/h3>\n\n\n<ul class=\"wp-block-latest-posts__list is-grid columns-3 wp-block-latest-posts\"><li><a class=\"wp-block-latest-posts__post-title\" href=\"http:\/\/www.claudionichele.eu\/blog\/memories-of-krakow\/\">Memories of Krakow<\/a><\/li>\n<li><a class=\"wp-block-latest-posts__post-title\" href=\"http:\/\/www.claudionichele.eu\/blog\/my-takeaways-from-the-isc24tx\/\">My takeaways from the ISC24TX<\/a><\/li>\n<li><a class=\"wp-block-latest-posts__post-title\" href=\"http:\/\/www.claudionichele.eu\/blog\/the-return-of-the-sketchnote-army-traveling-book\/\">The Return of the Sketchnote Army Traveling Book<\/a><\/li>\n<li><a class=\"wp-block-latest-posts__post-title\" href=\"http:\/\/www.claudionichele.eu\/blog\/sketchnotes-and-drawings-from-phuket-thailand\/\">Sketchnotes and drawings from Phuket, Thailand<\/a><\/li>\n<li><a class=\"wp-block-latest-posts__post-title\" href=\"http:\/\/www.claudionichele.eu\/blog\/visual-memories-from-antalya-turkey\/\">Memories from Turkey<\/a><\/li>\n<li><a class=\"wp-block-latest-posts__post-title\" href=\"http:\/\/www.claudionichele.eu\/blog\/le-carnaval-de-binche-est-une-chose-serieuse\/\">Le carnaval de Binche est une chose s\u00e9rieuse<\/a><\/li>\n<li><a class=\"wp-block-latest-posts__post-title\" href=\"http:\/\/www.claudionichele.eu\/blog\/photos-and-sketchnotes-of-my-trip-in-india\/\">Photos and sketchnotes of my trip in India<\/a><\/li>\n<li><a class=\"wp-block-latest-posts__post-title\" href=\"http:\/\/www.claudionichele.eu\/blog\/prep_trip-in-india-march-2016\/\">My first blog post<\/a><\/li>\n<\/ul><\/div>\n\n\n\n<div class=\"wp-block-column is-layout-flow wp-block-column-is-layout-flow\">\n<h3 class=\"wp-block-heading\">Uncategorized posts<\/h3>\n\n\n<ul class=\"wp-block-latest-posts__list is-grid columns-3 wp-block-latest-posts\"><li><a class=\"wp-block-latest-posts__post-title\" href=\"http:\/\/www.claudionichele.eu\/blog\/walking-into-clarity-facilitated-by-nature\/\">Walking into clarity &#8211; facilitated by nature<\/a><\/li>\n<li><a class=\"wp-block-latest-posts__post-title\" href=\"http:\/\/www.claudionichele.eu\/blog\/my-first-ever-workshop-on-rock-balancing\/\">My first ever workshop on rock balancing<\/a><\/li>\n<li><a class=\"wp-block-latest-posts__post-title\" href=\"http:\/\/www.claudionichele.eu\/blog\/inner-development-goals-idg-walk\/\">Inner development goals (IDG) walk<\/a><\/li>\n<li><a class=\"wp-block-latest-posts__post-title\" href=\"http:\/\/www.claudionichele.eu\/blog\/evolving-as-a-community-of-sketchnoters\/\">Evolving as a community of sketchnoters<\/a><\/li>\n<li><a class=\"wp-block-latest-posts__post-title\" href=\"http:\/\/www.claudionichele.eu\/blog\/from-stardust-to-galaxies-stars-and-constellations\/\">From stardust to galaxies, stars and constellations<\/a><\/li>\n<li><a class=\"wp-block-latest-posts__post-title\" href=\"http:\/\/www.claudionichele.eu\/blog\/communicating-cohesion-policy-on-planet-pandemia-one-year-on\/\">Communicating Cohesion Policy on Planet Pandemia One year on<\/a><\/li>\n<li><a class=\"wp-block-latest-posts__post-title\" href=\"http:\/\/www.claudionichele.eu\/blog\/covid-19-en-belgique-comparaison-des-deux-premieres-vagues\/\">COVID-19 en Belgique: comparaison des deux premi\u00e8res vagues<\/a><\/li>\n<li><a class=\"wp-block-latest-posts__post-title\" href=\"http:\/\/www.claudionichele.eu\/blog\/burnout-comment-jai-evite-de-tomber-dans-le-precipice\/\">Burnout, comment j\u2019ai \u00e9vit\u00e9 de tomber dans le pr\u00e9cipice<\/a><\/li>\n<li><a class=\"wp-block-latest-posts__post-title\" href=\"http:\/\/www.claudionichele.eu\/blog\/burnout-how-i-avoided-falling-into-the-precipice\/\">Burnout, how I avoided falling into the precipice<\/a><\/li>\n<li><a class=\"wp-block-latest-posts__post-title\" href=\"http:\/\/www.claudionichele.eu\/blog\/le-sens-emerge-dans-le-calin-du-silence\/\">Le sens \u00e9merge dans le c\u00e2lin du silence<\/a><\/li>\n<\/ul><\/div>\n<\/div>\n<\/div><\/div>\n\n\n\n<h3 class=\"wp-block-heading\"><\/h3>\n","protected":false},"excerpt":{"rendered":"<p>Posts in the Visuals category Posts in the Travels category Uncategorized posts<\/p>\n","protected":false},"author":1,"featured_media":0,"parent":0,"menu_order":0,"comment_status":"closed","ping_status":"closed","template":"","meta":{"footnotes":""},"class_list":["post-895","page","type-page","status-publish","hentry"],"_links":{"self":[{"href":"http:\/\/www.claudionichele.eu\/blog\/wp-json\/wp\/v2\/pages\/895","targetHints":{"allow":["GET"]}}],"collection":[{"href":"http:\/\/www.claudionichele.eu\/blog\/wp-json\/wp\/v2\/pages"}],"about":[{"href":"http:\/\/www.claudionichele.eu\/blog\/wp-json\/wp\/v2\/types\/page"}],"author":[{"embeddable":true,"href":"http:\/\/www.claudionichele.eu\/blog\/wp-json\/wp\/v2\/users\/1"}],"replies":[{"embeddable":true,"href":"http:\/\/www.claudionichele.eu\/blog\/wp-json\/wp\/v2\/comments?post=895"}],"version-history":[{"count":11,"href":"http:\/\/www.claudionichele.eu\/blog\/wp-json\/wp\/v2\/pages\/895\/revisions"}],"predecessor-version":[{"id":1222,"href":"http:\/\/www.claudionichele.eu\/blog\/wp-json\/wp\/v2\/pages\/895\/revisions\/1222"}],"wp:attachment":[{"href":"http:\/\/www.claudionichele.eu\/blog\/wp-json\/wp\/v2\/media?parent=895"}],"curies":[{"name":"wp","href":"https:\/\/api.w.org\/{rel}","templated":true}]}}